{"id":619,"date":"2024-02-28T15:38:16","date_gmt":"2024-02-28T15:38:16","guid":{"rendered":"https:\/\/vivianeloutan.com\/?page_id=619"},"modified":"2024-07-17T08:24:24","modified_gmt":"2024-07-17T08:24:24","slug":"presse","status":"publish","type":"page","link":"https:\/\/vivianeloutan.com\/es\/presse\/","title":{"rendered":"Prensa"},"content":{"rendered":"<div data-elementor-type=\"wp-page\" data-elementor-id=\"619\" class=\"elementor elementor-619\" data-elementor-post-type=\"page\">\n\t\t\t\t<div class=\"elementor-element elementor-element-29e0477 e-flex e-con-boxed e-con e-parent\" data-id=\"29e0477\" data-element_type=\"container\" data-e-type=\"container\" data-settings=\"{&quot;background_background&quot;:&quot;classic&quot;}\">\n\t\t\t\t\t<div class=\"e-con-inner\">\n\t\t<div class=\"elementor-element elementor-element-c0ce115 animated-slow e-flex e-con-boxed e-con e-child\" data-id=\"c0ce115\" data-element_type=\"container\" data-e-type=\"container\" data-settings=\"{&quot;background_background&quot;:&quot;classic&quot;,&quot;animation&quot;:&quot;none&quot;,&quot;animation_delay&quot;:300}\">\n\t\t\t\t\t<div class=\"e-con-inner\">\n\t\t<div class=\"elementor-element elementor-element-7afff55 e-con-full animated-slow e-flex e-con e-child\" data-id=\"7afff55\" data-element_type=\"container\" data-e-type=\"container\" data-settings=\"{&quot;background_background&quot;:&quot;classic&quot;,&quot;animation&quot;:&quot;none&quot;,&quot;animation_delay&quot;:300}\">\n\t\t\t\t<div class=\"elementor-element elementor-element-4276b5d elementor-widget elementor-widget-shortcode\" data-id=\"4276b5d\" data-element_type=\"widget\" data-e-type=\"widget\" data-widget_type=\"shortcode.default\">\n\t\t\t\t<div class=\"elementor-widget-container\">\n\t\t\t\t\t\t\t<div class=\"elementor-shortcode\"><div class=\"_df_book df-lite\" id=\"df_1053\"  _slug=\"1053\" data-title=\"\" wpoptions=\"true\" thumb=\"https:\/\/vivianeloutan.com\/wp-content\/uploads\/2024\/05\/faqja0-scaled.jpeg\" thumbtype=\"\" ><\/div><script class=\"df-shortcode-script\" nowprocket type=\"application\/javascript\">window.option_df_1053 = {\"outline\":[],\"backgroundColor\":\"#B0B9C0\",\"autoEnableOutline\":\"false\",\"autoEnableThumbnail\":\"false\",\"overwritePDFOutline\":\"false\",\"direction\":\"1\",\"pageSize\":\"0\",\"maxTextureSize\":\"2048\",\"source\":\"https:\\\/\\\/vivianeloutan.com\\\/wp-content\\\/uploads\\\/2024\\\/10\\\/Libri2.pdf\",\"wpOptions\":\"true\"}; if(window.DFLIP && window.DFLIP.parseBooks){window.DFLIP.parseBooks();}<\/script><\/div>\n\t\t\t\t\t\t<\/div>\n\t\t\t\t<\/div>\n\t\t\t\t<div class=\"elementor-element elementor-element-19d6869 elementor-widget-divider--view-line elementor-widget elementor-widget-divider\" data-id=\"19d6869\" data-element_type=\"widget\" data-e-type=\"widget\" data-widget_type=\"divider.default\">\n\t\t\t\t<div class=\"elementor-widget-container\">\n\t\t\t\t\t\t\t<div class=\"elementor-divider\">\n\t\t\t<span class=\"elementor-divider-separator\">\n\t\t\t\t\t\t<\/span>\n\t\t<\/div>\n\t\t\t\t\t\t<\/div>\n\t\t\t\t<\/div>\n\t\t\t\t<\/div>\n\t\t<div class=\"elementor-element elementor-element-07e6a6c e-con-full animated-slow e-flex elementor-invisible e-con e-child\" data-id=\"07e6a6c\" data-element_type=\"container\" data-e-type=\"container\" data-settings=\"{&quot;background_background&quot;:&quot;classic&quot;,&quot;animation&quot;:&quot;fadeInLeft&quot;,&quot;animation_delay&quot;:600}\">\n\t\t\t\t<div class=\"elementor-element elementor-element-e85afa4 elementor-widget elementor-widget-text-editor\" data-id=\"e85afa4\" data-element_type=\"widget\" data-e-type=\"widget\" data-widget_type=\"text-editor.default\">\n\t\t\t\t<div class=\"elementor-widget-container\">\n\t\t\t\t\t\t\t\t\t\u201c\u2026 pinturas y dibujos de inspiraci\u00f3n surrealista, excelentes en su perfecci\u00f3n formal. \u00bb\t\t\t\t\t\t\t\t<\/div>\n\t\t\t\t<\/div>\n\t\t\t\t<div class=\"elementor-element elementor-element-9018a6f elementor-widget-divider--view-line elementor-widget elementor-widget-divider\" data-id=\"9018a6f\" data-element_type=\"widget\" data-e-type=\"widget\" data-widget_type=\"divider.default\">\n\t\t\t\t<div class=\"elementor-widget-container\">\n\t\t\t\t\t\t\t<div class=\"elementor-divider\">\n\t\t\t<span class=\"elementor-divider-separator\">\n\t\t\t\t\t\t<\/span>\n\t\t<\/div>\n\t\t\t\t\t\t<\/div>\n\t\t\t\t<\/div>\n\t\t\t\t<div class=\"elementor-element elementor-element-d1f1bf5 elementor-widget elementor-widget-text-editor\" data-id=\"d1f1bf5\" data-element_type=\"widget\" data-e-type=\"widget\" data-widget_type=\"text-editor.default\">\n\t\t\t\t<div class=\"elementor-widget-container\">\n\t\t\t\t\t\t\t\t\tTribuna de Ginebra\t\t\t\t\t\t\t\t<\/div>\n\t\t\t\t<\/div>\n\t\t\t\t<\/div>\n\t\t<div class=\"elementor-element elementor-element-344689b e-con-full animated-slow e-flex elementor-invisible e-con e-child\" data-id=\"344689b\" data-element_type=\"container\" data-e-type=\"container\" data-settings=\"{&quot;background_background&quot;:&quot;classic&quot;,&quot;animation&quot;:&quot;fadeInRight&quot;,&quot;animation_delay&quot;:600}\">\n\t\t\t\t<div class=\"elementor-element elementor-element-5ea3897 elementor-widget elementor-widget-text-editor\" data-id=\"5ea3897\" data-element_type=\"widget\" data-e-type=\"widget\" data-widget_type=\"text-editor.default\">\n\t\t\t\t<div class=\"elementor-widget-container\">\n\t\t\t\t\t\t\t\t\t\u201cUn juego sensible de matices y valores, estos dibujos a l\u00e1piz ofrecen un universo bot\u00e1nico y fisiol\u00f3gico. Desde los dientes hasta las ra\u00edces, se tejen misteriosas alusiones er\u00f3ticas y vegetales. \u00bb\t\t\t\t\t\t\t\t<\/div>\n\t\t\t\t<\/div>\n\t\t\t\t<div class=\"elementor-element elementor-element-aa16c38 elementor-widget-divider--view-line elementor-widget elementor-widget-divider\" data-id=\"aa16c38\" data-element_type=\"widget\" data-e-type=\"widget\" data-widget_type=\"divider.default\">\n\t\t\t\t<div class=\"elementor-widget-container\">\n\t\t\t\t\t\t\t<div class=\"elementor-divider\">\n\t\t\t<span class=\"elementor-divider-separator\">\n\t\t\t\t\t\t<\/span>\n\t\t<\/div>\n\t\t\t\t\t\t<\/div>\n\t\t\t\t<\/div>\n\t\t\t\t<div class=\"elementor-element elementor-element-34befd8 elementor-widget elementor-widget-text-editor\" data-id=\"34befd8\" data-element_type=\"widget\" data-e-type=\"widget\" data-widget_type=\"text-editor.default\">\n\t\t\t\t<div class=\"elementor-widget-container\">\n\t\t\t\t\t\t\t\t\tTribuna de Ginebra\t\t\t\t\t\t\t\t<\/div>\n\t\t\t\t<\/div>\n\t\t\t\t<\/div>\n\t\t<div class=\"elementor-element elementor-element-2fbfb27 e-con-full animated-slow e-flex elementor-invisible e-con e-child\" data-id=\"2fbfb27\" data-element_type=\"container\" data-e-type=\"container\" data-settings=\"{&quot;background_background&quot;:&quot;classic&quot;,&quot;animation&quot;:&quot;fadeInUp&quot;,&quot;animation_delay&quot;:600}\">\n\t\t\t\t<div class=\"elementor-element elementor-element-2ddad38 elementor-widget elementor-widget-text-editor\" data-id=\"2ddad38\" data-element_type=\"widget\" data-e-type=\"widget\" data-widget_type=\"text-editor.default\">\n\t\t\t\t<div class=\"elementor-widget-container\">\n\t\t\t\t\t\t\t\t\t\u201cViviane Loutan es una artista muy personal en su inspiraci\u00f3n y en su lenguaje. Debajo de su l\u00e1piz ligero y sutil emerge un mundo evocador de encantos misteriosos y secretos, de placeres deliciosos y amargos. El contexto es surrealista pero no hay nada provocativo ni agresivo. Entre Tanguy y Bellmer, Viviane Loutan sigue su propio camino. \u00bb\t\t\t\t\t\t\t\t<\/div>\n\t\t\t\t<\/div>\n\t\t\t\t<div class=\"elementor-element elementor-element-a3f1434 elementor-widget-divider--view-line elementor-widget elementor-widget-divider\" data-id=\"a3f1434\" data-element_type=\"widget\" data-e-type=\"widget\" data-widget_type=\"divider.default\">\n\t\t\t\t<div class=\"elementor-widget-container\">\n\t\t\t\t\t\t\t<div class=\"elementor-divider\">\n\t\t\t<span class=\"elementor-divider-separator\">\n\t\t\t\t\t\t<\/span>\n\t\t<\/div>\n\t\t\t\t\t\t<\/div>\n\t\t\t\t<\/div>\n\t\t\t\t<div class=\"elementor-element elementor-element-9a62c42 elementor-widget elementor-widget-text-editor\" data-id=\"9a62c42\" data-element_type=\"widget\" data-e-type=\"widget\" data-widget_type=\"text-editor.default\">\n\t\t\t\t<div class=\"elementor-widget-container\">\n\t\t\t\t\t\t\t\t\tTribuna de Ginebra\t\t\t\t\t\t\t\t<\/div>\n\t\t\t\t<\/div>\n\t\t\t\t<\/div>\n\t\t<div class=\"elementor-element elementor-element-44b531a e-con-full animated-slow e-flex elementor-invisible e-con e-child\" data-id=\"44b531a\" data-element_type=\"container\" data-e-type=\"container\" data-settings=\"{&quot;background_background&quot;:&quot;classic&quot;,&quot;animation&quot;:&quot;fadeInLeft&quot;,&quot;animation_delay&quot;:600}\">\n\t\t\t\t<div class=\"elementor-element elementor-element-d17c3d3 elementor-widget elementor-widget-text-editor\" data-id=\"d17c3d3\" data-element_type=\"widget\" data-e-type=\"widget\" data-widget_type=\"text-editor.default\">\n\t\t\t\t<div class=\"elementor-widget-container\">\n\t\t\t\t\t\t\t\t\t\u00ab Con trazos precisos que no dejan nada vago, precisos hasta en los detalles m\u00e1s remotos, Viviane Loutan dibuja y pinta fantas\u00edas de organismos en germinaci\u00f3n y crecimiento, ideas de tejidos, inflorescencias en desarrollo, fibras y nervios ramificados. Lo atractivo es menos la extra\u00f1eza del invento que la seguridad en la t\u00e9cnica de las finas transiciones de una forma o color al siguiente. \u00bb\t\t\t\t\t\t\t\t<\/div>\n\t\t\t\t<\/div>\n\t\t\t\t<div class=\"elementor-element elementor-element-8e07463 elementor-widget-divider--view-line elementor-widget elementor-widget-divider\" data-id=\"8e07463\" data-element_type=\"widget\" data-e-type=\"widget\" data-widget_type=\"divider.default\">\n\t\t\t\t<div class=\"elementor-widget-container\">\n\t\t\t\t\t\t\t<div class=\"elementor-divider\">\n\t\t\t<span class=\"elementor-divider-separator\">\n\t\t\t\t\t\t<\/span>\n\t\t<\/div>\n\t\t\t\t\t\t<\/div>\n\t\t\t\t<\/div>\n\t\t\t\t<div class=\"elementor-element elementor-element-5659e01 elementor-widget elementor-widget-text-editor\" data-id=\"5659e01\" data-element_type=\"widget\" data-e-type=\"widget\" data-widget_type=\"text-editor.default\">\n\t\t\t\t<div class=\"elementor-widget-container\">\n\t\t\t\t\t\t\t\t\tEl nuevo peri\u00f3dico de Zurich\t\t\t\t\t\t\t\t<\/div>\n\t\t\t\t<\/div>\n\t\t\t\t<\/div>\n\t\t<div class=\"elementor-element elementor-element-68a44ce e-con-full animated-slow e-flex elementor-invisible e-con e-child\" data-id=\"68a44ce\" data-element_type=\"container\" data-e-type=\"container\" data-settings=\"{&quot;background_background&quot;:&quot;classic&quot;,&quot;animation&quot;:&quot;fadeInRight&quot;,&quot;animation_delay&quot;:600}\">\n\t\t\t\t<div class=\"elementor-element elementor-element-3ba5a63 elementor-widget elementor-widget-text-editor\" data-id=\"3ba5a63\" data-element_type=\"widget\" data-e-type=\"widget\" data-widget_type=\"text-editor.default\">\n\t\t\t\t<div class=\"elementor-widget-container\">\n\t\t\t\t\t\t\t\t\t\u00ab Este es un pintor con altas habilidades t\u00e9cnicas. Muestra 24 dibujos y pinturas al \u00f3leo, exponiendo -con toques sexualizados m\u00e1s o menos ligeros- cosas que s\u00f3lo el microscopio puede ver. Sin embargo, la fantas\u00eda macabra tambi\u00e9n juega un cierto papel. Los dibujos de Viviane Loutan son muy finos, casi cincelados, con detalles en materia carnal o vegetal. Los \u00f3leos tambi\u00e9n son admirables en t\u00e9rminos de artesan\u00eda \u00bb.\t\t\t\t\t\t\t\t<\/div>\n\t\t\t\t<\/div>\n\t\t\t\t<div class=\"elementor-element elementor-element-8839fbb elementor-widget-divider--view-line elementor-widget elementor-widget-divider\" data-id=\"8839fbb\" data-element_type=\"widget\" data-e-type=\"widget\" data-widget_type=\"divider.default\">\n\t\t\t\t<div class=\"elementor-widget-container\">\n\t\t\t\t\t\t\t<div class=\"elementor-divider\">\n\t\t\t<span class=\"elementor-divider-separator\">\n\t\t\t\t\t\t<\/span>\n\t\t<\/div>\n\t\t\t\t\t\t<\/div>\n\t\t\t\t<\/div>\n\t\t\t\t<div class=\"elementor-element elementor-element-195ce75 elementor-widget elementor-widget-text-editor\" data-id=\"195ce75\" data-element_type=\"widget\" data-e-type=\"widget\" data-widget_type=\"text-editor.default\">\n\t\t\t\t<div class=\"elementor-widget-container\">\n\t\t\t\t\t\t\t\t\tEl acto\t\t\t\t\t\t\t\t<\/div>\n\t\t\t\t<\/div>\n\t\t\t\t<\/div>\n\t\t<div class=\"elementor-element elementor-element-ac5b8ae e-con-full animated-slow e-flex elementor-invisible e-con e-child\" data-id=\"ac5b8ae\" data-element_type=\"container\" data-e-type=\"container\" data-settings=\"{&quot;background_background&quot;:&quot;classic&quot;,&quot;animation&quot;:&quot;fadeInLeft&quot;,&quot;animation_delay&quot;:600}\">\n\t\t\t\t<div class=\"elementor-element elementor-element-c744115 elementor-widget elementor-widget-text-editor\" data-id=\"c744115\" data-element_type=\"widget\" data-e-type=\"widget\" data-widget_type=\"text-editor.default\">\n\t\t\t\t<div class=\"elementor-widget-container\">\n\t\t\t\t\t\t\t\t\t\u00ab Desde el punto de vista del genio creativo en la invenci\u00f3n, Loutan se mueve con la repetici\u00f3n de signos muy precisos, recupera la imagen natural-vegetal, no como una imitaci\u00f3n servil de la naturaleza, sino que abre pasajes y todas las fuerzas creativas que surgen desde dentro y preguntan. manifestarse y expandirse como fuerzas de la naturaleza. En su tenuidad, la pintura de Loutan es muy reflexiva, muy cuidadosa en mantener toda la expresi\u00f3n de su sentimiento pl\u00e1stico y sensual, de su contemplaci\u00f3n dulce y amorosa, suspendida en una especie de dulzura y frescura. \t\t\t\t\t\t\t\t<\/div>\n\t\t\t\t<\/div>\n\t\t\t\t<div class=\"elementor-element elementor-element-72f0003 elementor-widget-divider--view-line elementor-widget elementor-widget-divider\" data-id=\"72f0003\" data-element_type=\"widget\" data-e-type=\"widget\" data-widget_type=\"divider.default\">\n\t\t\t\t<div class=\"elementor-widget-container\">\n\t\t\t\t\t\t\t<div class=\"elementor-divider\">\n\t\t\t<span class=\"elementor-divider-separator\">\n\t\t\t\t\t\t<\/span>\n\t\t<\/div>\n\t\t\t\t\t\t<\/div>\n\t\t\t\t<\/div>\n\t\t\t\t<div class=\"elementor-element elementor-element-9ce2e65 elementor-widget elementor-widget-text-editor\" data-id=\"9ce2e65\" data-element_type=\"widget\" data-e-type=\"widget\" data-widget_type=\"text-editor.default\">\n\t\t\t\t<div class=\"elementor-widget-container\">\n\t\t\t\t\t\t\t\t\tConsejo Cultural de la Ciudad de Urbino\t\t\t\t\t\t\t\t<\/div>\n\t\t\t\t<\/div>\n\t\t\t\t<\/div>\n\t\t<div class=\"elementor-element elementor-element-905f9a4 e-con-full animated-slow e-flex elementor-invisible e-con e-child\" data-id=\"905f9a4\" data-element_type=\"container\" data-e-type=\"container\" data-settings=\"{&quot;background_background&quot;:&quot;classic&quot;,&quot;animation&quot;:&quot;fadeInRight&quot;,&quot;animation_delay&quot;:600}\">\n\t\t\t\t<div class=\"elementor-element elementor-element-a0e5ac3 elementor-widget elementor-widget-text-editor\" data-id=\"a0e5ac3\" data-element_type=\"widget\" data-e-type=\"widget\" data-widget_type=\"text-editor.default\">\n\t\t\t\t<div class=\"elementor-widget-container\">\n\t\t\t\t\t\t\t\t\t\u201c\u2026dibujos de una inspiraci\u00f3n ps\u00edquica opresiva, sustentados en una metaf\u00edsica surrealista, est\u00e1n producidos con una calidad art\u00edstica muy segura. Dibujos maestros\u2026\u201d\t\t\t\t\t\t\t\t<\/div>\n\t\t\t\t<\/div>\n\t\t\t\t<div class=\"elementor-element elementor-element-5a9b94d elementor-widget-divider--view-line elementor-widget elementor-widget-divider\" data-id=\"5a9b94d\" data-element_type=\"widget\" data-e-type=\"widget\" data-widget_type=\"divider.default\">\n\t\t\t\t<div class=\"elementor-widget-container\">\n\t\t\t\t\t\t\t<div class=\"elementor-divider\">\n\t\t\t<span class=\"elementor-divider-separator\">\n\t\t\t\t\t\t<\/span>\n\t\t<\/div>\n\t\t\t\t\t\t<\/div>\n\t\t\t\t<\/div>\n\t\t\t\t<div class=\"elementor-element elementor-element-5449c95 elementor-widget elementor-widget-text-editor\" data-id=\"5449c95\" data-element_type=\"widget\" data-e-type=\"widget\" data-widget_type=\"text-editor.default\">\n\t\t\t\t<div class=\"elementor-widget-container\">\n\t\t\t\t\t\t\t\t\tGaceta Diaria\t\t\t\t\t\t\t\t<\/div>\n\t\t\t\t<\/div>\n\t\t\t\t<\/div>\n\t\t<div class=\"elementor-element elementor-element-6e87e8f e-con-full animated-slow e-flex elementor-invisible e-con e-child\" data-id=\"6e87e8f\" data-element_type=\"container\" data-e-type=\"container\" data-settings=\"{&quot;background_background&quot;:&quot;classic&quot;,&quot;animation&quot;:&quot;fadeInUp&quot;,&quot;animation_delay&quot;:600}\">\n\t\t\t\t<div class=\"elementor-element elementor-element-7b1062a elementor-widget elementor-widget-text-editor\" data-id=\"7b1062a\" data-element_type=\"widget\" data-e-type=\"widget\" data-widget_type=\"text-editor.default\">\n\t\t\t\t<div class=\"elementor-widget-container\">\n\t\t\t\t\t\t\t\t\t\u201cDibujos muy detallados, con Stabilotone, que est\u00e1n ba\u00f1ados en un clima irreal. Estas composiciones incluyen siempre varios personajes, si podemos llamar a estos cuerpos estirados como chicles, con manos fantasmales, a veces inflados como un globo, a veces adelgazados al tama\u00f1o de un hilo. Lo que atrae sobre todo son los rostros, similares en cada imagen, reducidos a una especie de cuadrado blanco, que evoca la pantalla de un televisor o de un ordenador. Falta desesperadamente una boca para gritar, unos ojos para llorar. Este clima irreal evoca el de Anna Blume, hero\u00edna de una novela de Paul Auster, perdida en un mundo sin alma. Un mundo futurista que deja poco optimismo al lector o espectador.\n\nSin embargo, los tonos que utiliza Viviane Loutan son suaves, al igual que el tratamiento de las superficies, recubiertas de tantas l\u00edneas de l\u00e1piz graso que se vuelven sedosas, parece como una lluvia de cabellos dorados que dibujan formas sobre la carne nacarada, por as\u00ed decirlo, tierna y. met\u00e1foras sensuales. Esta t\u00e9cnica paciente y dominada, que recuerda la utilizada por Pierre Klossowski para realizar dibujos cargados o m\u00e1s bien \"tensos\" de erotismo, devuelve as\u00ed una suavidad al mundo absurdo representado, como si el artista intentara contrarrestar el destino desafortunado de la humanidad. \u00bb\t\t\t\t\t\t\t\t<\/div>\n\t\t\t\t<\/div>\n\t\t\t\t<div class=\"elementor-element elementor-element-444898a elementor-widget-divider--view-line elementor-widget elementor-widget-divider\" data-id=\"444898a\" data-element_type=\"widget\" data-e-type=\"widget\" data-widget_type=\"divider.default\">\n\t\t\t\t<div class=\"elementor-widget-container\">\n\t\t\t\t\t\t\t<div class=\"elementor-divider\">\n\t\t\t<span class=\"elementor-divider-separator\">\n\t\t\t\t\t\t<\/span>\n\t\t<\/div>\n\t\t\t\t\t\t<\/div>\n\t\t\t\t<\/div>\n\t\t\t\t<div class=\"elementor-element elementor-element-0805f66 elementor-widget elementor-widget-text-editor\" data-id=\"0805f66\" data-element_type=\"widget\" data-e-type=\"widget\" data-widget_type=\"text-editor.default\">\n\t\t\t\t<div class=\"elementor-widget-container\">\n\t\t\t\t\t\t\t\t\tEl tiempo\t\t\t\t\t\t\t\t<\/div>\n\t\t\t\t<\/div>\n\t\t\t\t<\/div>\n\t\t\t\t\t<\/div>\n\t\t\t\t<\/div>\n\t\t\t\t\t<\/div>\n\t\t\t\t<\/div>\n\t\t\t\t<\/div>","protected":false},"excerpt":{"rendered":"<p>\u00ab \u2026 toiles et dessins d\u2019inspiration surr\u00e9aliste excellemment r\u00e9ussies quant \u00e0 leur perfection formelle. \u00bb Tribune de Gen\u00e8ve\u00ab Jeu sensible de nuances et de valeurs, ces dessins aux crayons proposent un univers botanique et physiologique. De dentelures en racines se tissent de myst\u00e9rieuses allusions \u00e9rotiques et v\u00e9g\u00e9tales. \u00bb Tribune de Gen\u00e8ve\u00ab Viviane Loutan est une [&hellip;]<\/p>\n","protected":false},"author":1,"featured_media":0,"parent":0,"menu_order":0,"comment_status":"closed","ping_status":"closed","template":"","meta":{"footnotes":""},"class_list":["post-619","page","type-page","status-publish","hentry"],"_links":{"self":[{"href":"https:\/\/vivianeloutan.com\/es\/wp-json\/wp\/v2\/pages\/619","targetHints":{"allow":["GET"]}}],"collection":[{"href":"https:\/\/vivianeloutan.com\/es\/wp-json\/wp\/v2\/pages"}],"about":[{"href":"https:\/\/vivianeloutan.com\/es\/wp-json\/wp\/v2\/types\/page"}],"author":[{"embeddable":true,"href":"https:\/\/vivianeloutan.com\/es\/wp-json\/wp\/v2\/users\/1"}],"replies":[{"embeddable":true,"href":"https:\/\/vivianeloutan.com\/es\/wp-json\/wp\/v2\/comments?post=619"}],"version-history":[{"count":5,"href":"https:\/\/vivianeloutan.com\/es\/wp-json\/wp\/v2\/pages\/619\/revisions"}],"predecessor-version":[{"id":1475,"href":"https:\/\/vivianeloutan.com\/es\/wp-json\/wp\/v2\/pages\/619\/revisions\/1475"}],"wp:attachment":[{"href":"https:\/\/vivianeloutan.com\/es\/wp-json\/wp\/v2\/media?parent=619"}],"curies":[{"name":"wp","href":"https:\/\/api.w.org\/{rel}","templated":true}]}}