{"id":589,"date":"2024-02-28T15:26:32","date_gmt":"2024-02-28T15:26:32","guid":{"rendered":"https:\/\/vivianeloutan.com\/?page_id=589"},"modified":"2024-10-04T13:14:28","modified_gmt":"2024-10-04T13:14:28","slug":"accueil","status":"publish","type":"page","link":"https:\/\/vivianeloutan.com\/es\/","title":{"rendered":"Bienvenida"},"content":{"rendered":"<div data-elementor-type=\"wp-page\" data-elementor-id=\"589\" class=\"elementor elementor-589\" data-elementor-post-type=\"page\">\n\t\t\t\t<div class=\"elementor-element elementor-element-22f1651 e-grid e-con-boxed e-con e-parent\" data-id=\"22f1651\" data-element_type=\"container\" data-e-type=\"container\" data-settings=\"{&quot;background_background&quot;:&quot;classic&quot;}\">\n\t\t\t\t\t<div class=\"e-con-inner\">\n\t\t<div class=\"elementor-element elementor-element-a28b3d7 e-flex e-con-boxed e-con e-child\" data-id=\"a28b3d7\" data-element_type=\"container\" data-e-type=\"container\" data-settings=\"{&quot;background_background&quot;:&quot;classic&quot;}\">\n\t\t\t\t\t<div class=\"e-con-inner\">\n\t\t\t\t<div class=\"elementor-element elementor-element-aa04ec6 elementor-widget elementor-widget-spacer\" data-id=\"aa04ec6\" data-element_type=\"widget\" data-e-type=\"widget\" data-widget_type=\"spacer.default\">\n\t\t\t\t<div class=\"elementor-widget-container\">\n\t\t\t\t\t\t\t<div class=\"elementor-spacer\">\n\t\t\t<div class=\"elementor-spacer-inner\"><\/div>\n\t\t<\/div>\n\t\t\t\t\t\t<\/div>\n\t\t\t\t<\/div>\n\t\t<div class=\"elementor-element elementor-element-bdb4e3f e-grid e-con-boxed e-con e-child\" data-id=\"bdb4e3f\" data-element_type=\"container\" data-e-type=\"container\">\n\t\t\t\t\t<div class=\"e-con-inner\">\n\t\t\t\t<div class=\"elementor-element elementor-element-fb6020a animated-slow elementor-invisible elementor-widget elementor-widget-image\" data-id=\"fb6020a\" data-element_type=\"widget\" data-e-type=\"widget\" data-settings=\"{&quot;_animation&quot;:&quot;fadeInLeft&quot;,&quot;_animation_delay&quot;:500}\" data-widget_type=\"image.default\">\n\t\t\t\t<div class=\"elementor-widget-container\">\n\t\t\t\t\t\t\t\t\t\t\t\t\t\t\t<img fetchpriority=\"high\" decoding=\"async\" width=\"750\" height=\"992\" src=\"https:\/\/vivianeloutan.com\/wp-content\/uploads\/2024\/04\/001.jpg\" class=\"attachment-full size-full wp-image-851\" alt=\"\" srcset=\"https:\/\/vivianeloutan.com\/wp-content\/uploads\/2024\/04\/001.jpg 750w, https:\/\/vivianeloutan.com\/wp-content\/uploads\/2024\/04\/001-227x300.jpg 227w, https:\/\/vivianeloutan.com\/wp-content\/uploads\/2024\/04\/001-600x794.jpg 600w\" sizes=\"(max-width: 750px) 100vw, 750px\" \/>\t\t\t\t\t\t\t\t\t\t\t\t\t\t\t<\/div>\n\t\t\t\t<\/div>\n\t\t<div class=\"elementor-element elementor-element-ba1c3d2 e-con-full e-flex e-con e-child\" data-id=\"ba1c3d2\" data-element_type=\"container\" data-e-type=\"container\">\n\t\t\t\t<div class=\"elementor-element elementor-element-0e879be animated-slow elementor-invisible elementor-widget elementor-widget-image\" data-id=\"0e879be\" data-element_type=\"widget\" data-e-type=\"widget\" data-settings=\"{&quot;_animation&quot;:&quot;zoomIn&quot;,&quot;_animation_delay&quot;:300}\" data-widget_type=\"image.default\">\n\t\t\t\t<div class=\"elementor-widget-container\">\n\t\t\t\t\t\t\t\t\t\t\t\t\t\t\t<img decoding=\"async\" width=\"480\" height=\"134\" src=\"https:\/\/vivianeloutan.com\/wp-content\/uploads\/2024\/02\/VL_Logo_2021.png\" class=\"attachment-full size-full wp-image-13\" alt=\"\" srcset=\"https:\/\/vivianeloutan.com\/wp-content\/uploads\/2024\/02\/VL_Logo_2021.png 480w, https:\/\/vivianeloutan.com\/wp-content\/uploads\/2024\/02\/VL_Logo_2021-300x84.png 300w\" sizes=\"(max-width: 480px) 100vw, 480px\" \/>\t\t\t\t\t\t\t\t\t\t\t\t\t\t\t<\/div>\n\t\t\t\t<\/div>\n\t\t\t\t<div class=\"elementor-element elementor-element-8224e97 elementor-widget elementor-widget-image\" data-id=\"8224e97\" data-element_type=\"widget\" data-e-type=\"widget\" data-widget_type=\"image.default\">\n\t\t\t\t<div class=\"elementor-widget-container\">\n\t\t\t\t\t\t\t\t\t\t\t\t\t\t\t<img decoding=\"async\" src=\"https:\/\/vivianeloutan.com\/wp-content\/uploads\/elementor\/thumbs\/IMG_4621-rotated-rez4tnn7wiqtmt1xzqf4xplhll393e03q4jiboulic.jpg\" title=\"IMG_4621\" alt=\"IMG_4621\" loading=\"lazy\" \/>\t\t\t\t\t\t\t\t\t\t\t\t\t\t\t<\/div>\n\t\t\t\t<\/div>\n\t\t\t\t<\/div>\n\t\t\t\t<div class=\"elementor-element elementor-element-cb63dbe animated-slow elementor-invisible elementor-widget elementor-widget-image\" data-id=\"cb63dbe\" data-element_type=\"widget\" data-e-type=\"widget\" data-settings=\"{&quot;_animation&quot;:&quot;fadeInRight&quot;,&quot;_animation_delay&quot;:500}\" data-widget_type=\"image.default\">\n\t\t\t\t<div class=\"elementor-widget-container\">\n\t\t\t\t\t\t\t\t\t\t\t\t\t\t\t<img decoding=\"async\" width=\"750\" height=\"992\" src=\"https:\/\/vivianeloutan.com\/wp-content\/uploads\/2024\/04\/011.jpg\" class=\"attachment-large size-large wp-image-856\" alt=\"\" srcset=\"https:\/\/vivianeloutan.com\/wp-content\/uploads\/2024\/04\/011.jpg 750w, https:\/\/vivianeloutan.com\/wp-content\/uploads\/2024\/04\/011-227x300.jpg 227w, https:\/\/vivianeloutan.com\/wp-content\/uploads\/2024\/04\/011-600x794.jpg 600w\" sizes=\"(max-width: 750px) 100vw, 750px\" \/>\t\t\t\t\t\t\t\t\t\t\t\t\t\t\t<\/div>\n\t\t\t\t<\/div>\n\t\t\t\t\t<\/div>\n\t\t\t\t<\/div>\n\t\t\t\t<div class=\"elementor-element elementor-element-1288f13 elementor-hidden-widescreen elementor-hidden-desktop elementor-hidden-laptop elementor-hidden-tablet_extra elementor-hidden-tablet elementor-hidden-mobile_extra elementor-hidden-mobile elementor-widget elementor-widget-image\" data-id=\"1288f13\" data-element_type=\"widget\" data-e-type=\"widget\" data-widget_type=\"image.default\">\n\t\t\t\t<div class=\"elementor-widget-container\">\n\t\t\t\t\t\t\t\t\t\t\t\t\t\t\t<img decoding=\"async\" width=\"480\" height=\"134\" src=\"https:\/\/vivianeloutan.com\/wp-content\/uploads\/2024\/02\/VL_Logo_2021.png\" class=\"attachment-full size-full wp-image-13\" alt=\"\" srcset=\"https:\/\/vivianeloutan.com\/wp-content\/uploads\/2024\/02\/VL_Logo_2021.png 480w, https:\/\/vivianeloutan.com\/wp-content\/uploads\/2024\/02\/VL_Logo_2021-300x84.png 300w\" sizes=\"(max-width: 480px) 100vw, 480px\" \/>\t\t\t\t\t\t\t\t\t\t\t\t\t\t\t<\/div>\n\t\t\t\t<\/div>\n\t\t\t\t\t<\/div>\n\t\t\t\t<\/div>\n\t\t<div class=\"elementor-element elementor-element-f603e97 e-flex e-con-boxed e-con e-child\" data-id=\"f603e97\" data-element_type=\"container\" data-e-type=\"container\" data-settings=\"{&quot;background_background&quot;:&quot;classic&quot;}\">\n\t\t\t\t\t<div class=\"e-con-inner\">\n\t\t\t\t<div class=\"elementor-element elementor-element-0a8397a elementor-widget elementor-widget-text-editor\" data-id=\"0a8397a\" data-element_type=\"widget\" data-e-type=\"widget\" data-widget_type=\"text-editor.default\">\n\t\t\t\t<div class=\"elementor-widget-container\">\n\t\t\t\t\t\t\t\t\t\n\u201cFrente al soporte blanco, veo aparecer formas que se mueven y modifican constantemente. Luego debes tomar uno sobre la marcha para comenzar a trabajar. El resto sigue, lento, extra\u00f1o, sorprendente. Hay que aceptarlo, luego ordenarlo, es decir disponerlo sobre el soporte seg\u00fan el equilibrio del conjunto. El comienzo de un cuadro revela m\u00e1s estados de \u00e1nimo, atm\u00f3sferas, climas. Entonces es hora de lo desconocido; a su placer, a la dificultad de ir cada vez m\u00e1s lejos en sensibilidad y sutileza. La pintura me seduce por la infinidad de vibraciones crom\u00e1ticas que ofrece. En cuanto al dibujo, lo aprecio por su espontaneidad y la sensualidad del trazo.\n\nEs una expresi\u00f3n \u00edntima que para m\u00ed es la m\u00fasica de c\u00e1mara de la pintura. \u00bb\n\n \t\t\t\t\t\t\t\t<\/div>\n\t\t\t\t<\/div>\n\t\t\t\t<div class=\"elementor-element elementor-element-1f90e02 elementor-widget elementor-widget-spacer\" data-id=\"1f90e02\" data-element_type=\"widget\" data-e-type=\"widget\" data-widget_type=\"spacer.default\">\n\t\t\t\t<div class=\"elementor-widget-container\">\n\t\t\t\t\t\t\t<div class=\"elementor-spacer\">\n\t\t\t<div class=\"elementor-spacer-inner\"><\/div>\n\t\t<\/div>\n\t\t\t\t\t\t<\/div>\n\t\t\t\t<\/div>\n\t\t\t\t<div class=\"elementor-element elementor-element-8ba6dc8 elementor-widget elementor-widget-text-editor\" data-id=\"8ba6dc8\" data-element_type=\"widget\" data-e-type=\"widget\" data-widget_type=\"text-editor.default\">\n\t\t\t\t<div class=\"elementor-widget-container\">\n\t\t\t\t\t\t\t\t\tDiversas exposiciones en Suiza (Ginebra, Zurich) y en el extranjero (Urbino, Ginestretto, Italia). Obras adquiridas por el Museo de Ginebra, y por diversos particulares en varios pa\u00edses de Europa y Am\u00e9rica.\t\t\t\t\t\t\t\t<\/div>\n\t\t\t\t<\/div>\n\t\t\t\t\t<\/div>\n\t\t\t\t<\/div>\n\t\t\t\t\t<\/div>\n\t\t\t\t<\/div>\n\t\t\t\t<\/div>","protected":false},"excerpt":{"rendered":"<p>\u00ab Face au support blanc, je vois des formes appara\u00eetre qui se d\u00e9placent et se modifient sans cesse. Il faut ensuite en saisir une au vol pour d\u00e9buter le travail. Le reste en d\u00e9coule, lent, \u00e9trange, \u00e9tonnant. Il faut l\u2019accepter, puis l\u2019ordonner, c\u2019est-\u00e0-dire le disposer sur le support en fonction de l\u2019\u00e9quilibre de l\u2019ensemble. Le [&hellip;]<\/p>\n","protected":false},"author":1,"featured_media":0,"parent":0,"menu_order":0,"comment_status":"closed","ping_status":"closed","template":"","meta":{"footnotes":""},"class_list":["post-589","page","type-page","status-publish","hentry"],"_links":{"self":[{"href":"https:\/\/vivianeloutan.com\/es\/wp-json\/wp\/v2\/pages\/589","targetHints":{"allow":["GET"]}}],"collection":[{"href":"https:\/\/vivianeloutan.com\/es\/wp-json\/wp\/v2\/pages"}],"about":[{"href":"https:\/\/vivianeloutan.com\/es\/wp-json\/wp\/v2\/types\/page"}],"author":[{"embeddable":true,"href":"https:\/\/vivianeloutan.com\/es\/wp-json\/wp\/v2\/users\/1"}],"replies":[{"embeddable":true,"href":"https:\/\/vivianeloutan.com\/es\/wp-json\/wp\/v2\/comments?post=589"}],"version-history":[{"count":5,"href":"https:\/\/vivianeloutan.com\/es\/wp-json\/wp\/v2\/pages\/589\/revisions"}],"predecessor-version":[{"id":1490,"href":"https:\/\/vivianeloutan.com\/es\/wp-json\/wp\/v2\/pages\/589\/revisions\/1490"}],"wp:attachment":[{"href":"https:\/\/vivianeloutan.com\/es\/wp-json\/wp\/v2\/media?parent=589"}],"curies":[{"name":"wp","href":"https:\/\/api.w.org\/{rel}","templated":true}]}}