{"id":619,"date":"2024-02-28T15:38:16","date_gmt":"2024-02-28T15:38:16","guid":{"rendered":"https:\/\/vivianeloutan.com\/?page_id=619"},"modified":"2024-07-17T08:24:24","modified_gmt":"2024-07-17T08:24:24","slug":"presse","status":"publish","type":"page","link":"https:\/\/vivianeloutan.com\/en\/presse\/","title":{"rendered":"Press"},"content":{"rendered":"<div data-elementor-type=\"wp-page\" data-elementor-id=\"619\" class=\"elementor elementor-619\" data-elementor-post-type=\"page\">\n\t\t\t\t<div class=\"elementor-element elementor-element-29e0477 e-flex e-con-boxed e-con e-parent\" data-id=\"29e0477\" data-element_type=\"container\" data-e-type=\"container\" data-settings=\"{&quot;background_background&quot;:&quot;classic&quot;}\">\n\t\t\t\t\t<div class=\"e-con-inner\">\n\t\t<div class=\"elementor-element elementor-element-c0ce115 animated-slow e-flex e-con-boxed e-con e-child\" data-id=\"c0ce115\" data-element_type=\"container\" data-e-type=\"container\" data-settings=\"{&quot;background_background&quot;:&quot;classic&quot;,&quot;animation&quot;:&quot;none&quot;,&quot;animation_delay&quot;:300}\">\n\t\t\t\t\t<div class=\"e-con-inner\">\n\t\t<div class=\"elementor-element elementor-element-7afff55 e-con-full animated-slow e-flex e-con e-child\" data-id=\"7afff55\" data-element_type=\"container\" data-e-type=\"container\" data-settings=\"{&quot;background_background&quot;:&quot;classic&quot;,&quot;animation&quot;:&quot;none&quot;,&quot;animation_delay&quot;:300}\">\n\t\t\t\t<div class=\"elementor-element elementor-element-4276b5d elementor-widget elementor-widget-shortcode\" data-id=\"4276b5d\" data-element_type=\"widget\" data-e-type=\"widget\" data-widget_type=\"shortcode.default\">\n\t\t\t\t<div class=\"elementor-widget-container\">\n\t\t\t\t\t\t\t<div class=\"elementor-shortcode\"><div class=\"_df_book df-lite\" id=\"df_1053\"  _slug=\"1053\" data-title=\"\" wpoptions=\"true\" thumb=\"https:\/\/vivianeloutan.com\/wp-content\/uploads\/2024\/05\/faqja0-scaled.jpeg\" thumbtype=\"\" ><\/div><script class=\"df-shortcode-script\" nowprocket type=\"application\/javascript\">window.option_df_1053 = {\"outline\":[],\"backgroundColor\":\"#B0B9C0\",\"autoEnableOutline\":\"false\",\"autoEnableThumbnail\":\"false\",\"overwritePDFOutline\":\"false\",\"direction\":\"1\",\"pageSize\":\"0\",\"maxTextureSize\":\"2048\",\"source\":\"https:\\\/\\\/vivianeloutan.com\\\/wp-content\\\/uploads\\\/2024\\\/10\\\/Libri2.pdf\",\"wpOptions\":\"true\"}; if(window.DFLIP && window.DFLIP.parseBooks){window.DFLIP.parseBooks();}<\/script><\/div>\n\t\t\t\t\t\t<\/div>\n\t\t\t\t<\/div>\n\t\t\t\t<div class=\"elementor-element elementor-element-19d6869 elementor-widget-divider--view-line elementor-widget elementor-widget-divider\" data-id=\"19d6869\" data-element_type=\"widget\" data-e-type=\"widget\" data-widget_type=\"divider.default\">\n\t\t\t\t<div class=\"elementor-widget-container\">\n\t\t\t\t\t\t\t<div class=\"elementor-divider\">\n\t\t\t<span class=\"elementor-divider-separator\">\n\t\t\t\t\t\t<\/span>\n\t\t<\/div>\n\t\t\t\t\t\t<\/div>\n\t\t\t\t<\/div>\n\t\t\t\t<\/div>\n\t\t<div class=\"elementor-element elementor-element-07e6a6c e-con-full animated-slow e-flex elementor-invisible e-con e-child\" data-id=\"07e6a6c\" data-element_type=\"container\" data-e-type=\"container\" data-settings=\"{&quot;background_background&quot;:&quot;classic&quot;,&quot;animation&quot;:&quot;fadeInLeft&quot;,&quot;animation_delay&quot;:600}\">\n\t\t\t\t<div class=\"elementor-element elementor-element-e85afa4 elementor-widget elementor-widget-text-editor\" data-id=\"e85afa4\" data-element_type=\"widget\" data-e-type=\"widget\" data-widget_type=\"text-editor.default\">\n\t\t\t\t<div class=\"elementor-widget-container\">\n\t\t\t\t\t\t\t\t\t\u201c\u2026 paintings and drawings of surrealist inspiration, excellent in their formal perfection. \u00bb\t\t\t\t\t\t\t\t<\/div>\n\t\t\t\t<\/div>\n\t\t\t\t<div class=\"elementor-element elementor-element-9018a6f elementor-widget-divider--view-line elementor-widget elementor-widget-divider\" data-id=\"9018a6f\" data-element_type=\"widget\" data-e-type=\"widget\" data-widget_type=\"divider.default\">\n\t\t\t\t<div class=\"elementor-widget-container\">\n\t\t\t\t\t\t\t<div class=\"elementor-divider\">\n\t\t\t<span class=\"elementor-divider-separator\">\n\t\t\t\t\t\t<\/span>\n\t\t<\/div>\n\t\t\t\t\t\t<\/div>\n\t\t\t\t<\/div>\n\t\t\t\t<div class=\"elementor-element elementor-element-d1f1bf5 elementor-widget elementor-widget-text-editor\" data-id=\"d1f1bf5\" data-element_type=\"widget\" data-e-type=\"widget\" data-widget_type=\"text-editor.default\">\n\t\t\t\t<div class=\"elementor-widget-container\">\n\t\t\t\t\t\t\t\t\tGeneva Tribune\t\t\t\t\t\t\t\t<\/div>\n\t\t\t\t<\/div>\n\t\t\t\t<\/div>\n\t\t<div class=\"elementor-element elementor-element-344689b e-con-full animated-slow e-flex elementor-invisible e-con e-child\" data-id=\"344689b\" data-element_type=\"container\" data-e-type=\"container\" data-settings=\"{&quot;background_background&quot;:&quot;classic&quot;,&quot;animation&quot;:&quot;fadeInRight&quot;,&quot;animation_delay&quot;:600}\">\n\t\t\t\t<div class=\"elementor-element elementor-element-5ea3897 elementor-widget elementor-widget-text-editor\" data-id=\"5ea3897\" data-element_type=\"widget\" data-e-type=\"widget\" data-widget_type=\"text-editor.default\">\n\t\t\t\t<div class=\"elementor-widget-container\">\n\t\t\t\t\t\t\t\t\t\u201cA sensitive play of nuances and values, these pencil drawings offer a botanical and physiological universe. From serrations to roots, mysterious erotic and plant allusions are woven. \u00bb\t\t\t\t\t\t\t\t<\/div>\n\t\t\t\t<\/div>\n\t\t\t\t<div class=\"elementor-element elementor-element-aa16c38 elementor-widget-divider--view-line elementor-widget elementor-widget-divider\" data-id=\"aa16c38\" data-element_type=\"widget\" data-e-type=\"widget\" data-widget_type=\"divider.default\">\n\t\t\t\t<div class=\"elementor-widget-container\">\n\t\t\t\t\t\t\t<div class=\"elementor-divider\">\n\t\t\t<span class=\"elementor-divider-separator\">\n\t\t\t\t\t\t<\/span>\n\t\t<\/div>\n\t\t\t\t\t\t<\/div>\n\t\t\t\t<\/div>\n\t\t\t\t<div class=\"elementor-element elementor-element-34befd8 elementor-widget elementor-widget-text-editor\" data-id=\"34befd8\" data-element_type=\"widget\" data-e-type=\"widget\" data-widget_type=\"text-editor.default\">\n\t\t\t\t<div class=\"elementor-widget-container\">\n\t\t\t\t\t\t\t\t\tGeneva Tribune\t\t\t\t\t\t\t\t<\/div>\n\t\t\t\t<\/div>\n\t\t\t\t<\/div>\n\t\t<div class=\"elementor-element elementor-element-2fbfb27 e-con-full animated-slow e-flex elementor-invisible e-con e-child\" data-id=\"2fbfb27\" data-element_type=\"container\" data-e-type=\"container\" data-settings=\"{&quot;background_background&quot;:&quot;classic&quot;,&quot;animation&quot;:&quot;fadeInUp&quot;,&quot;animation_delay&quot;:600}\">\n\t\t\t\t<div class=\"elementor-element elementor-element-2ddad38 elementor-widget elementor-widget-text-editor\" data-id=\"2ddad38\" data-element_type=\"widget\" data-e-type=\"widget\" data-widget_type=\"text-editor.default\">\n\t\t\t\t<div class=\"elementor-widget-container\">\n\t\t\t\t\t\t\t\t\t\u201cViviane Loutan is a very personal artist in her inspiration and her language. Beneath his light and subtle pencil emerges an evocative world of mysterious and secret charms, of delicious and bitter pleasures. The context is surreal but there is nothing provocative or aggressive. Between Tanguy and Bellmer, Viviane Loutan follows a route of her own. \u00bb\t\t\t\t\t\t\t\t<\/div>\n\t\t\t\t<\/div>\n\t\t\t\t<div class=\"elementor-element elementor-element-a3f1434 elementor-widget-divider--view-line elementor-widget elementor-widget-divider\" data-id=\"a3f1434\" data-element_type=\"widget\" data-e-type=\"widget\" data-widget_type=\"divider.default\">\n\t\t\t\t<div class=\"elementor-widget-container\">\n\t\t\t\t\t\t\t<div class=\"elementor-divider\">\n\t\t\t<span class=\"elementor-divider-separator\">\n\t\t\t\t\t\t<\/span>\n\t\t<\/div>\n\t\t\t\t\t\t<\/div>\n\t\t\t\t<\/div>\n\t\t\t\t<div class=\"elementor-element elementor-element-9a62c42 elementor-widget elementor-widget-text-editor\" data-id=\"9a62c42\" data-element_type=\"widget\" data-e-type=\"widget\" data-widget_type=\"text-editor.default\">\n\t\t\t\t<div class=\"elementor-widget-container\">\n\t\t\t\t\t\t\t\t\tGeneva Tribune\t\t\t\t\t\t\t\t<\/div>\n\t\t\t\t<\/div>\n\t\t\t\t<\/div>\n\t\t<div class=\"elementor-element elementor-element-44b531a e-con-full animated-slow e-flex elementor-invisible e-con e-child\" data-id=\"44b531a\" data-element_type=\"container\" data-e-type=\"container\" data-settings=\"{&quot;background_background&quot;:&quot;classic&quot;,&quot;animation&quot;:&quot;fadeInLeft&quot;,&quot;animation_delay&quot;:600}\">\n\t\t\t\t<div class=\"elementor-element elementor-element-d17c3d3 elementor-widget elementor-widget-text-editor\" data-id=\"d17c3d3\" data-element_type=\"widget\" data-e-type=\"widget\" data-widget_type=\"text-editor.default\">\n\t\t\t\t<div class=\"elementor-widget-container\">\n\t\t\t\t\t\t\t\t\t\"With a precise line that leaves nothing vague, right down to the most remote detail, Viviane Loutan draws and paints fantasies of germinating and growing organisms, ideas of tissues, unfolding inflorescences, branching fibers and veins. What is appealing is not so much the oddities of the invention as the certainty in the technique of the fine transitions from one form or color to the next.\"\t\t\t\t\t\t\t\t<\/div>\n\t\t\t\t<\/div>\n\t\t\t\t<div class=\"elementor-element elementor-element-8e07463 elementor-widget-divider--view-line elementor-widget elementor-widget-divider\" data-id=\"8e07463\" data-element_type=\"widget\" data-e-type=\"widget\" data-widget_type=\"divider.default\">\n\t\t\t\t<div class=\"elementor-widget-container\">\n\t\t\t\t\t\t\t<div class=\"elementor-divider\">\n\t\t\t<span class=\"elementor-divider-separator\">\n\t\t\t\t\t\t<\/span>\n\t\t<\/div>\n\t\t\t\t\t\t<\/div>\n\t\t\t\t<\/div>\n\t\t\t\t<div class=\"elementor-element elementor-element-5659e01 elementor-widget elementor-widget-text-editor\" data-id=\"5659e01\" data-element_type=\"widget\" data-e-type=\"widget\" data-widget_type=\"text-editor.default\">\n\t\t\t\t<div class=\"elementor-widget-container\">\n\t\t\t\t\t\t\t\t\tThe New Zurich Times\t\t\t\t\t\t\t\t<\/div>\n\t\t\t\t<\/div>\n\t\t\t\t<\/div>\n\t\t<div class=\"elementor-element elementor-element-68a44ce e-con-full animated-slow e-flex elementor-invisible e-con e-child\" data-id=\"68a44ce\" data-element_type=\"container\" data-e-type=\"container\" data-settings=\"{&quot;background_background&quot;:&quot;classic&quot;,&quot;animation&quot;:&quot;fadeInRight&quot;,&quot;animation_delay&quot;:600}\">\n\t\t\t\t<div class=\"elementor-element elementor-element-3ba5a63 elementor-widget elementor-widget-text-editor\" data-id=\"3ba5a63\" data-element_type=\"widget\" data-e-type=\"widget\" data-widget_type=\"text-editor.default\">\n\t\t\t\t<div class=\"elementor-widget-container\">\n\t\t\t\t\t\t\t\t\t\"This is a painter with high technical skills. She shows 24 drawings and oil paintings, revealing \u2013 with more or less slight sexualized allusions \u2013 things that only the microscope can see. However, macabre fantasy also plays a certain role. Viviane Loutan's drawings are very fine, almost chiseled, with details in fleshly or vegetable matter. Oil paintings are also admirable in terms of craftsmanship.\"\t\t\t\t\t\t\t\t<\/div>\n\t\t\t\t<\/div>\n\t\t\t\t<div class=\"elementor-element elementor-element-8839fbb elementor-widget-divider--view-line elementor-widget elementor-widget-divider\" data-id=\"8839fbb\" data-element_type=\"widget\" data-e-type=\"widget\" data-widget_type=\"divider.default\">\n\t\t\t\t<div class=\"elementor-widget-container\">\n\t\t\t\t\t\t\t<div class=\"elementor-divider\">\n\t\t\t<span class=\"elementor-divider-separator\">\n\t\t\t\t\t\t<\/span>\n\t\t<\/div>\n\t\t\t\t\t\t<\/div>\n\t\t\t\t<\/div>\n\t\t\t\t<div class=\"elementor-element elementor-element-195ce75 elementor-widget elementor-widget-text-editor\" data-id=\"195ce75\" data-element_type=\"widget\" data-e-type=\"widget\" data-widget_type=\"text-editor.default\">\n\t\t\t\t<div class=\"elementor-widget-container\">\n\t\t\t\t\t\t\t\t\tThe act\t\t\t\t\t\t\t\t<\/div>\n\t\t\t\t<\/div>\n\t\t\t\t<\/div>\n\t\t<div class=\"elementor-element elementor-element-ac5b8ae e-con-full animated-slow e-flex elementor-invisible e-con e-child\" data-id=\"ac5b8ae\" data-element_type=\"container\" data-e-type=\"container\" data-settings=\"{&quot;background_background&quot;:&quot;classic&quot;,&quot;animation&quot;:&quot;fadeInLeft&quot;,&quot;animation_delay&quot;:600}\">\n\t\t\t\t<div class=\"elementor-element elementor-element-c744115 elementor-widget elementor-widget-text-editor\" data-id=\"c744115\" data-element_type=\"widget\" data-e-type=\"widget\" data-widget_type=\"text-editor.default\">\n\t\t\t\t<div class=\"elementor-widget-container\">\n\t\t\t\t\t\t\t\t\t\u00ab From the point of view of creative genius in invention, Loutan moves with repetition of very precise signs, recovers the natural-vegetal image, not as a slavish imitation of nature, but opens passages and all the creative forces that rise from within and ask to manifest and expand as forces of nature. In her tenuity, Loutan's painting is very thoughtful, very careful to maintain all the expression of her plastic, sensual feeling, of her gentle and loving contemplation of her, suspended in a sort of sweetness and freshness. \t\t\t\t\t\t\t\t<\/div>\n\t\t\t\t<\/div>\n\t\t\t\t<div class=\"elementor-element elementor-element-72f0003 elementor-widget-divider--view-line elementor-widget elementor-widget-divider\" data-id=\"72f0003\" data-element_type=\"widget\" data-e-type=\"widget\" data-widget_type=\"divider.default\">\n\t\t\t\t<div class=\"elementor-widget-container\">\n\t\t\t\t\t\t\t<div class=\"elementor-divider\">\n\t\t\t<span class=\"elementor-divider-separator\">\n\t\t\t\t\t\t<\/span>\n\t\t<\/div>\n\t\t\t\t\t\t<\/div>\n\t\t\t\t<\/div>\n\t\t\t\t<div class=\"elementor-element elementor-element-9ce2e65 elementor-widget elementor-widget-text-editor\" data-id=\"9ce2e65\" data-element_type=\"widget\" data-e-type=\"widget\" data-widget_type=\"text-editor.default\">\n\t\t\t\t<div class=\"elementor-widget-container\">\n\t\t\t\t\t\t\t\t\tCultural Council of the City of Urbino\t\t\t\t\t\t\t\t<\/div>\n\t\t\t\t<\/div>\n\t\t\t\t<\/div>\n\t\t<div class=\"elementor-element elementor-element-905f9a4 e-con-full animated-slow e-flex elementor-invisible e-con e-child\" data-id=\"905f9a4\" data-element_type=\"container\" data-e-type=\"container\" data-settings=\"{&quot;background_background&quot;:&quot;classic&quot;,&quot;animation&quot;:&quot;fadeInRight&quot;,&quot;animation_delay&quot;:600}\">\n\t\t\t\t<div class=\"elementor-element elementor-element-a0e5ac3 elementor-widget elementor-widget-text-editor\" data-id=\"a0e5ac3\" data-element_type=\"widget\" data-e-type=\"widget\" data-widget_type=\"text-editor.default\">\n\t\t\t\t<div class=\"elementor-widget-container\">\n\t\t\t\t\t\t\t\t\t\u201c\u2026drawings of an oppressive psychic inspiration, underpinned by a surrealist metaphysics, are produced with a very sure artistic quality. Master drawings\u2026\u201d\t\t\t\t\t\t\t\t<\/div>\n\t\t\t\t<\/div>\n\t\t\t\t<div class=\"elementor-element elementor-element-5a9b94d elementor-widget-divider--view-line elementor-widget elementor-widget-divider\" data-id=\"5a9b94d\" data-element_type=\"widget\" data-e-type=\"widget\" data-widget_type=\"divider.default\">\n\t\t\t\t<div class=\"elementor-widget-container\">\n\t\t\t\t\t\t\t<div class=\"elementor-divider\">\n\t\t\t<span class=\"elementor-divider-separator\">\n\t\t\t\t\t\t<\/span>\n\t\t<\/div>\n\t\t\t\t\t\t<\/div>\n\t\t\t\t<\/div>\n\t\t\t\t<div class=\"elementor-element elementor-element-5449c95 elementor-widget elementor-widget-text-editor\" data-id=\"5449c95\" data-element_type=\"widget\" data-e-type=\"widget\" data-widget_type=\"text-editor.default\">\n\t\t\t\t<div class=\"elementor-widget-container\">\n\t\t\t\t\t\t\t\t\tDaily Advertiser\t\t\t\t\t\t\t\t<\/div>\n\t\t\t\t<\/div>\n\t\t\t\t<\/div>\n\t\t<div class=\"elementor-element elementor-element-6e87e8f e-con-full animated-slow e-flex elementor-invisible e-con e-child\" data-id=\"6e87e8f\" data-element_type=\"container\" data-e-type=\"container\" data-settings=\"{&quot;background_background&quot;:&quot;classic&quot;,&quot;animation&quot;:&quot;fadeInUp&quot;,&quot;animation_delay&quot;:600}\">\n\t\t\t\t<div class=\"elementor-element elementor-element-7b1062a elementor-widget elementor-widget-text-editor\" data-id=\"7b1062a\" data-element_type=\"widget\" data-e-type=\"widget\" data-widget_type=\"text-editor.default\">\n\t\t\t\t<div class=\"elementor-widget-container\">\n\t\t\t\t\t\t\t\t\t\u201cVery detailed drawings, with Stabilotone, which are bathed in an unreal climate. These compositions always include several characters, if we can call these bodies stretched like chewing gum, with ghostly hands, sometimes inflated like a balloon, sometimes thinned to the size of a thread. Above all, it is the faces that appeal, similar in each image, reduced to a sort of white square, which evokes the screen of a television or a computer. There is a desperate lack of a mouth to scream, eyes to cry. This unreal climate evokes that of Anna Blume, heroine of a novel by Paul Auster, lost in a world without a soul. A futuristic world that leaves little optimism for the reader or viewer.\n\nHowever, the shades that Viviane Loutan uses are soft, as is the treatment of the surfaces, covered with so many grease pencil lines that they become silky, it looks like a rain of golden hair draws shapes on pearly flesh. , to use tender and sensual metaphors. This patient and mastered technique, which recalls that used by Pierre Klossowski to produce drawings charged or rather \"tense\" with eroticism, therefore restores a softness to the absurd world depicted, as if the artist was trying to counter the unfortunate destiny of humanity. \u00bb\t\t\t\t\t\t\t\t<\/div>\n\t\t\t\t<\/div>\n\t\t\t\t<div class=\"elementor-element elementor-element-444898a elementor-widget-divider--view-line elementor-widget elementor-widget-divider\" data-id=\"444898a\" data-element_type=\"widget\" data-e-type=\"widget\" data-widget_type=\"divider.default\">\n\t\t\t\t<div class=\"elementor-widget-container\">\n\t\t\t\t\t\t\t<div class=\"elementor-divider\">\n\t\t\t<span class=\"elementor-divider-separator\">\n\t\t\t\t\t\t<\/span>\n\t\t<\/div>\n\t\t\t\t\t\t<\/div>\n\t\t\t\t<\/div>\n\t\t\t\t<div class=\"elementor-element elementor-element-0805f66 elementor-widget elementor-widget-text-editor\" data-id=\"0805f66\" data-element_type=\"widget\" data-e-type=\"widget\" data-widget_type=\"text-editor.default\">\n\t\t\t\t<div class=\"elementor-widget-container\">\n\t\t\t\t\t\t\t\t\tThe weather\t\t\t\t\t\t\t\t<\/div>\n\t\t\t\t<\/div>\n\t\t\t\t<\/div>\n\t\t\t\t\t<\/div>\n\t\t\t\t<\/div>\n\t\t\t\t\t<\/div>\n\t\t\t\t<\/div>\n\t\t\t\t<\/div>","protected":false},"excerpt":{"rendered":"<p>\u00ab \u2026 toiles et dessins d\u2019inspiration surr\u00e9aliste excellemment r\u00e9ussies quant \u00e0 leur perfection formelle. \u00bb Tribune de Gen\u00e8ve\u00ab Jeu sensible de nuances et de valeurs, ces dessins aux crayons proposent un univers botanique et physiologique. De dentelures en racines se tissent de myst\u00e9rieuses allusions \u00e9rotiques et v\u00e9g\u00e9tales. \u00bb Tribune de Gen\u00e8ve\u00ab Viviane Loutan est une [&hellip;]<\/p>\n","protected":false},"author":1,"featured_media":0,"parent":0,"menu_order":0,"comment_status":"closed","ping_status":"closed","template":"","meta":{"footnotes":""},"class_list":["post-619","page","type-page","status-publish","hentry"],"_links":{"self":[{"href":"https:\/\/vivianeloutan.com\/en\/wp-json\/wp\/v2\/pages\/619","targetHints":{"allow":["GET"]}}],"collection":[{"href":"https:\/\/vivianeloutan.com\/en\/wp-json\/wp\/v2\/pages"}],"about":[{"href":"https:\/\/vivianeloutan.com\/en\/wp-json\/wp\/v2\/types\/page"}],"author":[{"embeddable":true,"href":"https:\/\/vivianeloutan.com\/en\/wp-json\/wp\/v2\/users\/1"}],"replies":[{"embeddable":true,"href":"https:\/\/vivianeloutan.com\/en\/wp-json\/wp\/v2\/comments?post=619"}],"version-history":[{"count":5,"href":"https:\/\/vivianeloutan.com\/en\/wp-json\/wp\/v2\/pages\/619\/revisions"}],"predecessor-version":[{"id":1475,"href":"https:\/\/vivianeloutan.com\/en\/wp-json\/wp\/v2\/pages\/619\/revisions\/1475"}],"wp:attachment":[{"href":"https:\/\/vivianeloutan.com\/en\/wp-json\/wp\/v2\/media?parent=619"}],"curies":[{"name":"wp","href":"https:\/\/api.w.org\/{rel}","templated":true}]}}