{"id":619,"date":"2024-02-28T15:38:16","date_gmt":"2024-02-28T15:38:16","guid":{"rendered":"https:\/\/vivianeloutan.com\/?page_id=619"},"modified":"2024-07-17T08:24:24","modified_gmt":"2024-07-17T08:24:24","slug":"presse","status":"publish","type":"page","link":"https:\/\/vivianeloutan.com\/de\/presse\/","title":{"rendered":"Press"},"content":{"rendered":"<div data-elementor-type=\"wp-page\" data-elementor-id=\"619\" class=\"elementor elementor-619\" data-elementor-post-type=\"page\">\n\t\t\t\t<div class=\"elementor-element elementor-element-29e0477 e-flex e-con-boxed e-con e-parent\" data-id=\"29e0477\" data-element_type=\"container\" data-e-type=\"container\" data-settings=\"{&quot;background_background&quot;:&quot;classic&quot;}\">\n\t\t\t\t\t<div class=\"e-con-inner\">\n\t\t<div class=\"elementor-element elementor-element-c0ce115 animated-slow e-flex e-con-boxed e-con e-child\" data-id=\"c0ce115\" data-element_type=\"container\" data-e-type=\"container\" data-settings=\"{&quot;background_background&quot;:&quot;classic&quot;,&quot;animation&quot;:&quot;none&quot;,&quot;animation_delay&quot;:300}\">\n\t\t\t\t\t<div class=\"e-con-inner\">\n\t\t<div class=\"elementor-element elementor-element-7afff55 e-con-full animated-slow e-flex e-con e-child\" data-id=\"7afff55\" data-element_type=\"container\" data-e-type=\"container\" data-settings=\"{&quot;background_background&quot;:&quot;classic&quot;,&quot;animation&quot;:&quot;none&quot;,&quot;animation_delay&quot;:300}\">\n\t\t\t\t<div class=\"elementor-element elementor-element-4276b5d elementor-widget elementor-widget-shortcode\" data-id=\"4276b5d\" data-element_type=\"widget\" data-e-type=\"widget\" data-widget_type=\"shortcode.default\">\n\t\t\t\t<div class=\"elementor-widget-container\">\n\t\t\t\t\t\t\t<div class=\"elementor-shortcode\"><div class=\"_df_book df-lite\" id=\"df_1053\"  _slug=\"1053\" data-title=\"\" wpoptions=\"true\" thumb=\"https:\/\/vivianeloutan.com\/wp-content\/uploads\/2024\/05\/faqja0-scaled.jpeg\" thumbtype=\"\" ><\/div><script class=\"df-shortcode-script\" nowprocket type=\"application\/javascript\">window.option_df_1053 = {\"outline\":[],\"backgroundColor\":\"#B0B9C0\",\"autoEnableOutline\":\"false\",\"autoEnableThumbnail\":\"false\",\"overwritePDFOutline\":\"false\",\"direction\":\"1\",\"pageSize\":\"0\",\"maxTextureSize\":\"2048\",\"source\":\"https:\\\/\\\/vivianeloutan.com\\\/wp-content\\\/uploads\\\/2024\\\/10\\\/Libri2.pdf\",\"wpOptions\":\"true\"}; if(window.DFLIP && window.DFLIP.parseBooks){window.DFLIP.parseBooks();}<\/script><\/div>\n\t\t\t\t\t\t<\/div>\n\t\t\t\t<\/div>\n\t\t\t\t<div class=\"elementor-element elementor-element-19d6869 elementor-widget-divider--view-line elementor-widget elementor-widget-divider\" data-id=\"19d6869\" data-element_type=\"widget\" data-e-type=\"widget\" data-widget_type=\"divider.default\">\n\t\t\t\t<div class=\"elementor-widget-container\">\n\t\t\t\t\t\t\t<div class=\"elementor-divider\">\n\t\t\t<span class=\"elementor-divider-separator\">\n\t\t\t\t\t\t<\/span>\n\t\t<\/div>\n\t\t\t\t\t\t<\/div>\n\t\t\t\t<\/div>\n\t\t\t\t<\/div>\n\t\t<div class=\"elementor-element elementor-element-07e6a6c e-con-full animated-slow e-flex elementor-invisible e-con e-child\" data-id=\"07e6a6c\" data-element_type=\"container\" data-e-type=\"container\" data-settings=\"{&quot;background_background&quot;:&quot;classic&quot;,&quot;animation&quot;:&quot;fadeInLeft&quot;,&quot;animation_delay&quot;:600}\">\n\t\t\t\t<div class=\"elementor-element elementor-element-e85afa4 elementor-widget elementor-widget-text-editor\" data-id=\"e85afa4\" data-element_type=\"widget\" data-e-type=\"widget\" data-widget_type=\"text-editor.default\">\n\t\t\t\t<div class=\"elementor-widget-container\">\n\t\t\t\t\t\t\t\t\t\u201e\u2026 Gem\u00e4lde und Zeichnungen surrealistischer Inspiration, hervorragend in ihrer formalen Perfektion. \u00bb\t\t\t\t\t\t\t\t<\/div>\n\t\t\t\t<\/div>\n\t\t\t\t<div class=\"elementor-element elementor-element-9018a6f elementor-widget-divider--view-line elementor-widget elementor-widget-divider\" data-id=\"9018a6f\" data-element_type=\"widget\" data-e-type=\"widget\" data-widget_type=\"divider.default\">\n\t\t\t\t<div class=\"elementor-widget-container\">\n\t\t\t\t\t\t\t<div class=\"elementor-divider\">\n\t\t\t<span class=\"elementor-divider-separator\">\n\t\t\t\t\t\t<\/span>\n\t\t<\/div>\n\t\t\t\t\t\t<\/div>\n\t\t\t\t<\/div>\n\t\t\t\t<div class=\"elementor-element elementor-element-d1f1bf5 elementor-widget elementor-widget-text-editor\" data-id=\"d1f1bf5\" data-element_type=\"widget\" data-e-type=\"widget\" data-widget_type=\"text-editor.default\">\n\t\t\t\t<div class=\"elementor-widget-container\">\n\t\t\t\t\t\t\t\t\tGenfer Trib\u00fcne\t\t\t\t\t\t\t\t<\/div>\n\t\t\t\t<\/div>\n\t\t\t\t<\/div>\n\t\t<div class=\"elementor-element elementor-element-344689b e-con-full animated-slow e-flex elementor-invisible e-con e-child\" data-id=\"344689b\" data-element_type=\"container\" data-e-type=\"container\" data-settings=\"{&quot;background_background&quot;:&quot;classic&quot;,&quot;animation&quot;:&quot;fadeInRight&quot;,&quot;animation_delay&quot;:600}\">\n\t\t\t\t<div class=\"elementor-element elementor-element-5ea3897 elementor-widget elementor-widget-text-editor\" data-id=\"5ea3897\" data-element_type=\"widget\" data-e-type=\"widget\" data-widget_type=\"text-editor.default\">\n\t\t\t\t<div class=\"elementor-widget-container\">\n\t\t\t\t\t\t\t\t\t\u201eDiese Bleistiftzeichnungen sind ein sensibles Spiel mit Nuancen und Werten und bieten ein botanisches und physiologisches Universum. Von Zacken bis zu Wurzeln werden geheimnisvolle Erotik- und Pflanzenanspielungen verwoben. \u00bb\t\t\t\t\t\t\t\t<\/div>\n\t\t\t\t<\/div>\n\t\t\t\t<div class=\"elementor-element elementor-element-aa16c38 elementor-widget-divider--view-line elementor-widget elementor-widget-divider\" data-id=\"aa16c38\" data-element_type=\"widget\" data-e-type=\"widget\" data-widget_type=\"divider.default\">\n\t\t\t\t<div class=\"elementor-widget-container\">\n\t\t\t\t\t\t\t<div class=\"elementor-divider\">\n\t\t\t<span class=\"elementor-divider-separator\">\n\t\t\t\t\t\t<\/span>\n\t\t<\/div>\n\t\t\t\t\t\t<\/div>\n\t\t\t\t<\/div>\n\t\t\t\t<div class=\"elementor-element elementor-element-34befd8 elementor-widget elementor-widget-text-editor\" data-id=\"34befd8\" data-element_type=\"widget\" data-e-type=\"widget\" data-widget_type=\"text-editor.default\">\n\t\t\t\t<div class=\"elementor-widget-container\">\n\t\t\t\t\t\t\t\t\tGenfer Trib\u00fcne\t\t\t\t\t\t\t\t<\/div>\n\t\t\t\t<\/div>\n\t\t\t\t<\/div>\n\t\t<div class=\"elementor-element elementor-element-2fbfb27 e-con-full animated-slow e-flex elementor-invisible e-con e-child\" data-id=\"2fbfb27\" data-element_type=\"container\" data-e-type=\"container\" data-settings=\"{&quot;background_background&quot;:&quot;classic&quot;,&quot;animation&quot;:&quot;fadeInUp&quot;,&quot;animation_delay&quot;:600}\">\n\t\t\t\t<div class=\"elementor-element elementor-element-2ddad38 elementor-widget elementor-widget-text-editor\" data-id=\"2ddad38\" data-element_type=\"widget\" data-e-type=\"widget\" data-widget_type=\"text-editor.default\">\n\t\t\t\t<div class=\"elementor-widget-container\">\n\t\t\t\t\t\t\t\t\t\u201eViviane Loutan ist eine sehr pers\u00f6nliche K\u00fcnstlerin in ihrer Inspiration und ihrer Sprache. Unter seinem leichten und subtilen Bleistift entsteht eine eindrucksvolle Welt geheimnisvoller und geheimer Reize, k\u00f6stlicher und bitterer Freuden. Der Kontext ist surreal, aber es gibt nichts Provokatives oder Aggressives. Zwischen Tanguy und Bellmer geht Viviane Loutan ihren eigenen Weg. \u00bb\t\t\t\t\t\t\t\t<\/div>\n\t\t\t\t<\/div>\n\t\t\t\t<div class=\"elementor-element elementor-element-a3f1434 elementor-widget-divider--view-line elementor-widget elementor-widget-divider\" data-id=\"a3f1434\" data-element_type=\"widget\" data-e-type=\"widget\" data-widget_type=\"divider.default\">\n\t\t\t\t<div class=\"elementor-widget-container\">\n\t\t\t\t\t\t\t<div class=\"elementor-divider\">\n\t\t\t<span class=\"elementor-divider-separator\">\n\t\t\t\t\t\t<\/span>\n\t\t<\/div>\n\t\t\t\t\t\t<\/div>\n\t\t\t\t<\/div>\n\t\t\t\t<div class=\"elementor-element elementor-element-9a62c42 elementor-widget elementor-widget-text-editor\" data-id=\"9a62c42\" data-element_type=\"widget\" data-e-type=\"widget\" data-widget_type=\"text-editor.default\">\n\t\t\t\t<div class=\"elementor-widget-container\">\n\t\t\t\t\t\t\t\t\tGenfer Trib\u00fcne\t\t\t\t\t\t\t\t<\/div>\n\t\t\t\t<\/div>\n\t\t\t\t<\/div>\n\t\t<div class=\"elementor-element elementor-element-44b531a e-con-full animated-slow e-flex elementor-invisible e-con e-child\" data-id=\"44b531a\" data-element_type=\"container\" data-e-type=\"container\" data-settings=\"{&quot;background_background&quot;:&quot;classic&quot;,&quot;animation&quot;:&quot;fadeInLeft&quot;,&quot;animation_delay&quot;:600}\">\n\t\t\t\t<div class=\"elementor-element elementor-element-d17c3d3 elementor-widget elementor-widget-text-editor\" data-id=\"d17c3d3\" data-element_type=\"widget\" data-e-type=\"widget\" data-widget_type=\"text-editor.default\">\n\t\t\t\t<div class=\"elementor-widget-container\">\n\t\t\t\t\t\t\t\t\t\u00ab Mit pr\u00e4zisem Strich, der nichts im Ungef\u00e4hren bel\u00e4sst, genau bis zur entlegenen Einzelheit, zeichnet und malt Viviane Loutan Phantasien von keimenden und wachsenden Organismen, Vorstellungen von Geweben, sich entfaltenden Bl\u00fctenst\u00e4nden, sich ver\u00e4stelnden Fasern und Nervaturen. Reizvoll sind dabei weniger die Absonderlichkeiten der Erfindung als die Sicherheit in der Technik der feinen Ueberg\u00e4nge von einer Form oder Farbe in die n\u00e4chste. \u00bb\t\t\t\t\t\t\t\t<\/div>\n\t\t\t\t<\/div>\n\t\t\t\t<div class=\"elementor-element elementor-element-8e07463 elementor-widget-divider--view-line elementor-widget elementor-widget-divider\" data-id=\"8e07463\" data-element_type=\"widget\" data-e-type=\"widget\" data-widget_type=\"divider.default\">\n\t\t\t\t<div class=\"elementor-widget-container\">\n\t\t\t\t\t\t\t<div class=\"elementor-divider\">\n\t\t\t<span class=\"elementor-divider-separator\">\n\t\t\t\t\t\t<\/span>\n\t\t<\/div>\n\t\t\t\t\t\t<\/div>\n\t\t\t\t<\/div>\n\t\t\t\t<div class=\"elementor-element elementor-element-5659e01 elementor-widget elementor-widget-text-editor\" data-id=\"5659e01\" data-element_type=\"widget\" data-e-type=\"widget\" data-widget_type=\"text-editor.default\">\n\t\t\t\t<div class=\"elementor-widget-container\">\n\t\t\t\t\t\t\t\t\tNeue Z\u00fcrcher Zeitung\t\t\t\t\t\t\t\t<\/div>\n\t\t\t\t<\/div>\n\t\t\t\t<\/div>\n\t\t<div class=\"elementor-element elementor-element-68a44ce e-con-full animated-slow e-flex elementor-invisible e-con e-child\" data-id=\"68a44ce\" data-element_type=\"container\" data-e-type=\"container\" data-settings=\"{&quot;background_background&quot;:&quot;classic&quot;,&quot;animation&quot;:&quot;fadeInRight&quot;,&quot;animation_delay&quot;:600}\">\n\t\t\t\t<div class=\"elementor-element elementor-element-3ba5a63 elementor-widget elementor-widget-text-editor\" data-id=\"3ba5a63\" data-element_type=\"widget\" data-e-type=\"widget\" data-widget_type=\"text-editor.default\">\n\t\t\t\t<div class=\"elementor-widget-container\">\n\t\t\t\t\t\t\t\t\t\u00ab Das ist eine Malerin mit hohen technischen F\u00e4higkeiten. Sie zeigt 24 Zeichnungen und Oelbilder, legt \u2013mit mehr oder minder leichten sexualisierten Andeutungen\u2013 Dinge frei, die nur das Mikroskop erkennt. Allerdings spielt auch makabre Phantasie eine gewisse Rolle. Viviane Loutan Zeichnungen sind sehr fein, fast ziseliert, mit Detaillierung in fleischliche oder vegetabile Materie. Oelbilder sind auch ebenfalls handwerklich bewundernswert \u00bb.\t\t\t\t\t\t\t\t<\/div>\n\t\t\t\t<\/div>\n\t\t\t\t<div class=\"elementor-element elementor-element-8839fbb elementor-widget-divider--view-line elementor-widget elementor-widget-divider\" data-id=\"8839fbb\" data-element_type=\"widget\" data-e-type=\"widget\" data-widget_type=\"divider.default\">\n\t\t\t\t<div class=\"elementor-widget-container\">\n\t\t\t\t\t\t\t<div class=\"elementor-divider\">\n\t\t\t<span class=\"elementor-divider-separator\">\n\t\t\t\t\t\t<\/span>\n\t\t<\/div>\n\t\t\t\t\t\t<\/div>\n\t\t\t\t<\/div>\n\t\t\t\t<div class=\"elementor-element elementor-element-195ce75 elementor-widget elementor-widget-text-editor\" data-id=\"195ce75\" data-element_type=\"widget\" data-e-type=\"widget\" data-widget_type=\"text-editor.default\">\n\t\t\t\t<div class=\"elementor-widget-container\">\n\t\t\t\t\t\t\t\t\tDie Tat\t\t\t\t\t\t\t\t<\/div>\n\t\t\t\t<\/div>\n\t\t\t\t<\/div>\n\t\t<div class=\"elementor-element elementor-element-ac5b8ae e-con-full animated-slow e-flex elementor-invisible e-con e-child\" data-id=\"ac5b8ae\" data-element_type=\"container\" data-e-type=\"container\" data-settings=\"{&quot;background_background&quot;:&quot;classic&quot;,&quot;animation&quot;:&quot;fadeInLeft&quot;,&quot;animation_delay&quot;:600}\">\n\t\t\t\t<div class=\"elementor-element elementor-element-c744115 elementor-widget elementor-widget-text-editor\" data-id=\"c744115\" data-element_type=\"widget\" data-e-type=\"widget\" data-widget_type=\"text-editor.default\">\n\t\t\t\t<div class=\"elementor-widget-container\">\n\t\t\t\t\t\t\t\t\t\u00ab Aus der Sicht des kreativen Genies in der Erfindung bewegt sich Loutan mit der Wiederholung sehr pr\u00e4ziser Zeichen, stellt das nat\u00fcrlich-pflanzliche Bild wieder her, nicht als sklavische Nachahmung der Natur, sondern \u00f6ffnet Passagen und alle kreativen Kr\u00e4fte, die aus dem Inneren aufsteigen und fragen als Kr\u00e4fte der Natur zu manifestieren und auszudehnen. In ihrer Zartheit ist Loutans Malerei sehr nachdenklich und sehr darauf bedacht, den gesamten Ausdruck ihres plastischen, sinnlichen Gef\u00fchls, ihrer sanften und liebevollen Kontemplation beizubehalten, schwebend in einer Art S\u00fc\u00dfe und Frische. \t\t\t\t\t\t\t\t<\/div>\n\t\t\t\t<\/div>\n\t\t\t\t<div class=\"elementor-element elementor-element-72f0003 elementor-widget-divider--view-line elementor-widget elementor-widget-divider\" data-id=\"72f0003\" data-element_type=\"widget\" data-e-type=\"widget\" data-widget_type=\"divider.default\">\n\t\t\t\t<div class=\"elementor-widget-container\">\n\t\t\t\t\t\t\t<div class=\"elementor-divider\">\n\t\t\t<span class=\"elementor-divider-separator\">\n\t\t\t\t\t\t<\/span>\n\t\t<\/div>\n\t\t\t\t\t\t<\/div>\n\t\t\t\t<\/div>\n\t\t\t\t<div class=\"elementor-element elementor-element-9ce2e65 elementor-widget elementor-widget-text-editor\" data-id=\"9ce2e65\" data-element_type=\"widget\" data-e-type=\"widget\" data-widget_type=\"text-editor.default\">\n\t\t\t\t<div class=\"elementor-widget-container\">\n\t\t\t\t\t\t\t\t\tKulturrat der Stadt Urbino\t\t\t\t\t\t\t\t<\/div>\n\t\t\t\t<\/div>\n\t\t\t\t<\/div>\n\t\t<div class=\"elementor-element elementor-element-905f9a4 e-con-full animated-slow e-flex elementor-invisible e-con e-child\" data-id=\"905f9a4\" data-element_type=\"container\" data-e-type=\"container\" data-settings=\"{&quot;background_background&quot;:&quot;classic&quot;,&quot;animation&quot;:&quot;fadeInRight&quot;,&quot;animation_delay&quot;:600}\">\n\t\t\t\t<div class=\"elementor-element elementor-element-a0e5ac3 elementor-widget elementor-widget-text-editor\" data-id=\"a0e5ac3\" data-element_type=\"widget\" data-e-type=\"widget\" data-widget_type=\"text-editor.default\">\n\t\t\t\t<div class=\"elementor-widget-container\">\n\t\t\t\t\t\t\t\t\t\u201e\u2026Zeichnungen von einer bedr\u00fcckenden psychischen Inspiration, untermauert von einer surrealistischen Metaphysik, werden mit einer sehr sicheren k\u00fcnstlerischen Qualit\u00e4t hergestellt. Meisterzeichnungen\u2026\u201c\t\t\t\t\t\t\t\t<\/div>\n\t\t\t\t<\/div>\n\t\t\t\t<div class=\"elementor-element elementor-element-5a9b94d elementor-widget-divider--view-line elementor-widget elementor-widget-divider\" data-id=\"5a9b94d\" data-element_type=\"widget\" data-e-type=\"widget\" data-widget_type=\"divider.default\">\n\t\t\t\t<div class=\"elementor-widget-container\">\n\t\t\t\t\t\t\t<div class=\"elementor-divider\">\n\t\t\t<span class=\"elementor-divider-separator\">\n\t\t\t\t\t\t<\/span>\n\t\t<\/div>\n\t\t\t\t\t\t<\/div>\n\t\t\t\t<\/div>\n\t\t\t\t<div class=\"elementor-element elementor-element-5449c95 elementor-widget elementor-widget-text-editor\" data-id=\"5449c95\" data-element_type=\"widget\" data-e-type=\"widget\" data-widget_type=\"text-editor.default\">\n\t\t\t\t<div class=\"elementor-widget-container\">\n\t\t\t\t\t\t\t\t\tTages Anzeiger\t\t\t\t\t\t\t\t<\/div>\n\t\t\t\t<\/div>\n\t\t\t\t<\/div>\n\t\t<div class=\"elementor-element elementor-element-6e87e8f e-con-full animated-slow e-flex elementor-invisible e-con e-child\" data-id=\"6e87e8f\" data-element_type=\"container\" data-e-type=\"container\" data-settings=\"{&quot;background_background&quot;:&quot;classic&quot;,&quot;animation&quot;:&quot;fadeInUp&quot;,&quot;animation_delay&quot;:600}\">\n\t\t\t\t<div class=\"elementor-element elementor-element-7b1062a elementor-widget elementor-widget-text-editor\" data-id=\"7b1062a\" data-element_type=\"widget\" data-e-type=\"widget\" data-widget_type=\"text-editor.default\">\n\t\t\t\t<div class=\"elementor-widget-container\">\n\t\t\t\t\t\t\t\t\t\u201eSehr detaillierte Zeichnungen mit Stabilotone, die in ein unwirkliches Klima getaucht sind. In diesen Kompositionen sind immer mehrere Figuren enthalten, wenn man diese wie Kaugummi gedehnten K\u00f6rper mit geisterhaften H\u00e4nden bezeichnen kann, manchmal aufgeblasen wie ein Ballon, manchmal auf die Gr\u00f6\u00dfe eines Fadens ausged\u00fcnnt. Es sind vor allem die Gesichter, die den Betrachter ansprechen, in jedem Bild \u00e4hnlich, reduziert auf eine Art wei\u00dfes Quadrat, das an den Bildschirm eines Fernsehers oder eines Computers erinnert. Es fehlt verzweifelt an einem Mund zum Schreien und an Augen zum Weinen. Dieses unwirkliche Klima erinnert an Anna Blume, die Heldin eines Romans von Paul Auster, verloren in einer Welt ohne Seele. Eine futuristische Welt, die weder beim Leser noch beim Betrachter wenig Optimismus hinterl\u00e4sst.\n\nDie Farbt\u00f6ne, die Viviane Loutan verwendet, sind jedoch weich, ebenso wie die Behandlung der Oberfl\u00e4chen, die mit so vielen Fettstiftlinien bedeckt sind, dass sie seidig werden, es sieht aus, als w\u00fcrde ein Regen aus goldenem Haar Formen auf perlmuttfarbenem Fleisch zeichnen, um zarte und zarte Farben zu verwenden sinnliche Metaphern. Diese geduldige und meisterhafte Technik, die an die Technik erinnert, mit der Pierre Klossowski mit Erotik aufgeladene oder vielmehr \u201eangespannte\u201c Zeichnungen schuf, verleiht der dargestellten absurden Welt eine Sanftheit, als ob der K\u00fcnstler versuchte, dem ungl\u00fccklichen Schicksal der Menschheit entgegenzuwirken. \u00bb\t\t\t\t\t\t\t\t<\/div>\n\t\t\t\t<\/div>\n\t\t\t\t<div class=\"elementor-element elementor-element-444898a elementor-widget-divider--view-line elementor-widget elementor-widget-divider\" data-id=\"444898a\" data-element_type=\"widget\" data-e-type=\"widget\" data-widget_type=\"divider.default\">\n\t\t\t\t<div class=\"elementor-widget-container\">\n\t\t\t\t\t\t\t<div class=\"elementor-divider\">\n\t\t\t<span class=\"elementor-divider-separator\">\n\t\t\t\t\t\t<\/span>\n\t\t<\/div>\n\t\t\t\t\t\t<\/div>\n\t\t\t\t<\/div>\n\t\t\t\t<div class=\"elementor-element elementor-element-0805f66 elementor-widget elementor-widget-text-editor\" data-id=\"0805f66\" data-element_type=\"widget\" data-e-type=\"widget\" data-widget_type=\"text-editor.default\">\n\t\t\t\t<div class=\"elementor-widget-container\">\n\t\t\t\t\t\t\t\t\tDas Wetter\t\t\t\t\t\t\t\t<\/div>\n\t\t\t\t<\/div>\n\t\t\t\t<\/div>\n\t\t\t\t\t<\/div>\n\t\t\t\t<\/div>\n\t\t\t\t\t<\/div>\n\t\t\t\t<\/div>\n\t\t\t\t<\/div>","protected":false},"excerpt":{"rendered":"<p>\u00ab \u2026 toiles et dessins d\u2019inspiration surr\u00e9aliste excellemment r\u00e9ussies quant \u00e0 leur perfection formelle. \u00bb Tribune de Gen\u00e8ve\u00ab Jeu sensible de nuances et de valeurs, ces dessins aux crayons proposent un univers botanique et physiologique. De dentelures en racines se tissent de myst\u00e9rieuses allusions \u00e9rotiques et v\u00e9g\u00e9tales. \u00bb Tribune de Gen\u00e8ve\u00ab Viviane Loutan est une [&hellip;]<\/p>\n","protected":false},"author":1,"featured_media":0,"parent":0,"menu_order":0,"comment_status":"closed","ping_status":"closed","template":"","meta":{"footnotes":""},"class_list":["post-619","page","type-page","status-publish","hentry"],"_links":{"self":[{"href":"https:\/\/vivianeloutan.com\/de\/wp-json\/wp\/v2\/pages\/619","targetHints":{"allow":["GET"]}}],"collection":[{"href":"https:\/\/vivianeloutan.com\/de\/wp-json\/wp\/v2\/pages"}],"about":[{"href":"https:\/\/vivianeloutan.com\/de\/wp-json\/wp\/v2\/types\/page"}],"author":[{"embeddable":true,"href":"https:\/\/vivianeloutan.com\/de\/wp-json\/wp\/v2\/users\/1"}],"replies":[{"embeddable":true,"href":"https:\/\/vivianeloutan.com\/de\/wp-json\/wp\/v2\/comments?post=619"}],"version-history":[{"count":5,"href":"https:\/\/vivianeloutan.com\/de\/wp-json\/wp\/v2\/pages\/619\/revisions"}],"predecessor-version":[{"id":1475,"href":"https:\/\/vivianeloutan.com\/de\/wp-json\/wp\/v2\/pages\/619\/revisions\/1475"}],"wp:attachment":[{"href":"https:\/\/vivianeloutan.com\/de\/wp-json\/wp\/v2\/media?parent=619"}],"curies":[{"name":"wp","href":"https:\/\/api.w.org\/{rel}","templated":true}]}}