{"id":5,"date":"2023-12-21T09:22:07","date_gmt":"2023-12-21T09:22:07","guid":{"rendered":"https:\/\/testerwp.com\/elementor-wp\/agency-elementor\/?page_id=5"},"modified":"2024-02-25T15:44:59","modified_gmt":"2024-02-25T15:44:59","slug":"home-2","status":"publish","type":"page","link":"https:\/\/vivianeloutan.com\/de\/home-2\/","title":{"rendered":"Willkommen"},"content":{"rendered":"<div data-elementor-type=\"wp-page\" data-elementor-id=\"5\" class=\"elementor elementor-5\" data-elementor-post-type=\"page\">\n\t\t\t\t<div class=\"elementor-element elementor-element-c1ee392 e-flex e-con-boxed e-con e-parent\" data-id=\"c1ee392\" data-element_type=\"container\" data-e-type=\"container\">\n\t\t\t\t\t<div class=\"e-con-inner\">\n\t\t\t\t<div class=\"elementor-element elementor-element-fb9b59b elementor-widget elementor-widget-image\" data-id=\"fb9b59b\" data-element_type=\"widget\" data-e-type=\"widget\" data-widget_type=\"image.default\">\n\t\t\t\t<div class=\"elementor-widget-container\">\n\t\t\t\t\t\t\t\t\t\t\t\t\t\t\t<img fetchpriority=\"high\" decoding=\"async\" width=\"480\" height=\"134\" src=\"https:\/\/vivianeloutan.com\/wp-content\/uploads\/2024\/02\/VL_Logo_2021.png\" class=\"attachment-large size-large wp-image-13\" alt=\"\" srcset=\"https:\/\/vivianeloutan.com\/wp-content\/uploads\/2024\/02\/VL_Logo_2021.png 480w, https:\/\/vivianeloutan.com\/wp-content\/uploads\/2024\/02\/VL_Logo_2021-300x84.png 300w\" sizes=\"(max-width: 480px) 100vw, 480px\" \/>\t\t\t\t\t\t\t\t\t\t\t\t\t\t\t<\/div>\n\t\t\t\t<\/div>\n\t\t\t\t<div class=\"elementor-element elementor-element-316b750 elementor-widget elementor-widget-text-editor\" data-id=\"316b750\" data-element_type=\"widget\" data-e-type=\"widget\" data-widget_type=\"text-editor.default\">\n\t\t\t\t<div class=\"elementor-widget-container\">\n\t\t\t\t\t\t\t\t\t<p class=\"font_8 wixui-rich-text__text\"><span class=\"wixui-rich-text__text\">\u00ab Face au support blanc, je vois des formes appara\u00eetre qui se d\u00e9placent et se modifient sans cesse. Il faut ensuite en saisir une au vol pour d\u00e9buter le travail. Le reste en d\u00e9coule,\u00a0 lent, \u00e9trange, \u00e9tonnant. Il faut l\u2019accepter, puis l\u2019ordonner, c\u2019est-\u00e0-dire le disposer sur le support en fonction de l\u2019\u00e9quilibre de l\u2019ensemble. Le d\u00e9part d\u2019une peinture, lui, rel\u00e8ve plus d\u2019humeurs, d\u2019ambiance, de climats. Ensuite place \u00e0 l\u2019inconnu ; \u00e0 son plaisir, \u00e0 la difficult\u00e9 d\u2019aller toujours plus loin dans la sensibilit\u00e9 et la subtilit\u00e9. La peinture me s\u00e9duit par l\u2019infinit\u00e9 des vibrations de couleurs qu\u2019elle offre. Quant au dessin, je l\u2019appr\u00e9cie pour sa spontan\u00e9it\u00e9 et la sensualit\u00e9 du trait.<\/span><\/p><p class=\"font_8 wixui-rich-text__text\"><span class=\"wixui-rich-text__text\">C\u2019est une expression intime qui est pour moi\u00a0la musique de chambre de la peinture.\u00a0\u00bb<\/span><\/p>\t\t\t\t\t\t\t\t<\/div>\n\t\t\t\t<\/div>\n\t\t\t\t<div class=\"elementor-element elementor-element-137ebc9 elementor-widget elementor-widget-text-editor\" data-id=\"137ebc9\" data-element_type=\"widget\" data-e-type=\"widget\" data-widget_type=\"text-editor.default\">\n\t\t\t\t<div class=\"elementor-widget-container\">\n\t\t\t\t\t\t\t\t\t<p>Diverses expositions, en Suisse (Gen\u00e8ve, Z\u00fcrich), et \u00e0 l\u2019\u00e9tranger (Urbino, Ginestretto, Italie). \u0152uvres acquises par le Mus\u00e9e de Gen\u00e8ve, et par diff\u00e9rents particuliers dans plusieurs pays d\u2019Europe et d\u2019Am\u00e9rique.eo.<\/p>\t\t\t\t\t\t\t\t<\/div>\n\t\t\t\t<\/div>\n\t\t\t\t\t<\/div>\n\t\t\t\t<\/div>\n\t\t\t\t<\/div>","protected":false},"excerpt":{"rendered":"<p>\u00ab Face au support blanc, je vois des formes appara\u00eetre qui se d\u00e9placent et se modifient sans cesse. Il faut ensuite en saisir une au vol pour d\u00e9buter le travail. Le reste en d\u00e9coule,\u00a0 lent, \u00e9trange, \u00e9tonnant. Il faut l\u2019accepter, puis l\u2019ordonner, c\u2019est-\u00e0-dire le disposer sur le support en fonction de l\u2019\u00e9quilibre de l\u2019ensemble. Le [&hellip;]<\/p>\n","protected":false},"author":2,"featured_media":0,"parent":0,"menu_order":0,"comment_status":"closed","ping_status":"closed","template":"elementor_header_footer","meta":{"footnotes":""},"class_list":["post-5","page","type-page","status-publish","hentry"],"_links":{"self":[{"href":"https:\/\/vivianeloutan.com\/de\/wp-json\/wp\/v2\/pages\/5","targetHints":{"allow":["GET"]}}],"collection":[{"href":"https:\/\/vivianeloutan.com\/de\/wp-json\/wp\/v2\/pages"}],"about":[{"href":"https:\/\/vivianeloutan.com\/de\/wp-json\/wp\/v2\/types\/page"}],"author":[{"embeddable":true,"href":"https:\/\/vivianeloutan.com\/de\/wp-json\/wp\/v2\/users\/2"}],"replies":[{"embeddable":true,"href":"https:\/\/vivianeloutan.com\/de\/wp-json\/wp\/v2\/comments?post=5"}],"version-history":[{"count":5,"href":"https:\/\/vivianeloutan.com\/de\/wp-json\/wp\/v2\/pages\/5\/revisions"}],"predecessor-version":[{"id":333,"href":"https:\/\/vivianeloutan.com\/de\/wp-json\/wp\/v2\/pages\/5\/revisions\/333"}],"wp:attachment":[{"href":"https:\/\/vivianeloutan.com\/de\/wp-json\/wp\/v2\/media?parent=5"}],"curies":[{"name":"wp","href":"https:\/\/api.w.org\/{rel}","templated":true}]}}